
{"id":3198,"date":"2014-01-06T17:59:51","date_gmt":"2014-01-06T16:59:51","guid":{"rendered":"http:\/\/blog.tjutil.com\/?page_id=3198"},"modified":"2016-05-06T23:05:25","modified_gmt":"2016-05-06T22:05:25","slug":"lee-la-biblia-en-1-ano","status":"publish","type":"page","link":"https:\/\/blog.tjutil.com\/index.php\/lee-la-biblia-en-1-ano\/","title":{"rendered":"Lee la biblia en 1 a\u00f1o"},"content":{"rendered":"<p>En La Atalaya de 1 de agosto de 2009, en el articulo\u00a0<a href=\"http:\/\/wol.jw.org\/es\/wol\/d\/r4\/lp-s\/2009565\" target=\"_blank\">\u00bfEscuchamos a Dios todos los d\u00edas?<\/a>\u00a0se nos anima a leer diariamente la biblia. En las paginas centrales, viene un programa con los cap\u00edtulos que debemos leer cada d\u00eda para terminar la biblia en un a\u00f1o. Ese programa lo puedes descargar de la pagina oficial jw.org pulsando\u00a0<a href=\"http:\/\/www.jw.org\/es\/publicaciones\/libros\/?contentLanguageFilter=es&amp;pubFilter=sbr&amp;sortBy=1\" target=\"_blank\">aqu\u00ed<\/a><\/p>\n<p>Desde tjutil nos hemos puesto esa misma meta y para facilitar la lectura desde cualquier dispositivo y lugar hemos habilitado una opci\u00f3n para la\u00a0<a href=\"http:\/\/www.tjutil.com\/LecturaBibliaAnual.aspx\" target=\"_blank\">lectura b\u00edblica anual<\/a>\u00a0con un recordatorio en la pagina principal de\u00a0<a href=\"http:\/\/tjutil.com\/\">http:\/\/tjutil.com<\/a>. Desde que lo publicamos, m\u00e1s de 100 hermanos diariamente est\u00e1n siguiendo la lectura.<\/p>\n<p>\u00bfPorque no te animas y nos acompa\u00f1as? Empezando por G\u00e9nesis el 1 de enero,\u00a0 hasta el 30 de diciembre terminando por Revelaci\u00f3n, seguimos el programa recomendado en La Atalaya.<\/p>\n<p>Puedes hacerlo de distintas formas:<\/p>\n<ul>\n<li><strong>Descarga e imprime el programa<\/strong>\u00a0y sigue las instrucciones que all\u00ed se mencionan.<\/li>\n<li><strong>Accede a tjutil.com diariamente<\/strong>. Empezando desde el 1 de enero, te vamos diciendo los cap\u00edtulos que corresponden a ese d\u00eda.<\/li>\n<li><strong>Si recibes el texto diario por correo<\/strong>\u00a0(inf\u00f3rmate\u00a0<a href=\"https:\/\/blog.tjutil.com\/index.php\/recibe-el-texto-diario-por-email\/\" target=\"_blank\">aqu\u00ed<\/a>\u00a0cono recibirlo) al final del correo aparece un recordatorio con el enlace para que no se te olvide leer los cap\u00edtulos asignados.<\/li>\n<\/ul>\n<p>Comparte esta meta con tu familia, amigos y otros hermanos de la congragaci\u00f3n y empecemos a disfrutar de la lectura de la biblia todos los d\u00edas.<\/p>\n","protected":false},"excerpt":{"rendered":"<p>En La Atalaya de 1 de agosto de 2009, en el articulo\u00a0\u00bfEscuchamos a Dios todos los d\u00edas?\u00a0se nos anima a leer diariamente la biblia. En las paginas centrales, viene un programa con los cap\u00edtulos que debemos leer cada d\u00eda para terminar la biblia en un a\u00f1o. Ese programa lo puedes descargar de la pagina oficial &hellip; <a href=\"https:\/\/blog.tjutil.com\/index.php\/lee-la-biblia-en-1-ano\/\" class=\"more-link\">Seguir leyendo <span class=\"screen-reader-text\">Lee la biblia en 1 a\u00f1o<\/span> <span class=\"meta-nav\">&rarr;<\/span><\/a><\/p>\n","protected":false},"author":1,"featured_media":0,"parent":0,"menu_order":0,"comment_status":"closed","ping_status":"closed","template":"","meta":{"footnotes":""},"class_list":["post-3198","page","type-page","status-publish","hentry"],"_links":{"self":[{"href":"https:\/\/blog.tjutil.com\/index.php\/wp-json\/wp\/v2\/pages\/3198","targetHints":{"allow":["GET"]}}],"collection":[{"href":"https:\/\/blog.tjutil.com\/index.php\/wp-json\/wp\/v2\/pages"}],"about":[{"href":"https:\/\/blog.tjutil.com\/index.php\/wp-json\/wp\/v2\/types\/page"}],"author":[{"embeddable":true,"href":"https:\/\/blog.tjutil.com\/index.php\/wp-json\/wp\/v2\/users\/1"}],"replies":[{"embeddable":true,"href":"https:\/\/blog.tjutil.com\/index.php\/wp-json\/wp\/v2\/comments?post=3198"}],"version-history":[{"count":0,"href":"https:\/\/blog.tjutil.com\/index.php\/wp-json\/wp\/v2\/pages\/3198\/revisions"}],"wp:attachment":[{"href":"https:\/\/blog.tjutil.com\/index.php\/wp-json\/wp\/v2\/media?parent=3198"}],"curies":[{"name":"wp","href":"https:\/\/api.w.org\/{rel}","templated":true}]}}