
{"id":6195,"date":"2016-01-21T18:45:10","date_gmt":"2016-01-21T17:45:10","guid":{"rendered":"http:\/\/blog.tjutil.com\/?page_id=6195"},"modified":"2016-03-29T11:37:07","modified_gmt":"2016-03-29T10:37:07","slug":"tjmonitorsalon","status":"publish","type":"page","link":"https:\/\/blog.tjutil.com\/index.php\/tjmonitorsalon\/","title":{"rendered":"JW Multimedia"},"content":{"rendered":"<div>\n<p>&nbsp;<\/p>\n<table border=\"0\" width=\"490\" cellspacing=\"0\" cellpadding=\"2\" align=\"center\">\n<tbody>\n<tr>\n<td valign=\"top\" width=\"102\"><a href=\"https:\/\/blog.tjutil.com\/wp-content\/uploads\/2016\/01\/monitor133x104-1.png\" rel=\"attachment wp-att-6191\"><img loading=\"lazy\" decoding=\"async\" class=\"alignnone wp-image-6435 size-full\" src=\"https:\/\/blog.tjutil.com\/wp-content\/uploads\/2016\/01\/monitor133x104-1.png\" alt=\"\" width=\"133\" height=\"104\" \/><\/a><\/td>\n<td valign=\"top\" width=\"386\"><\/td>\n<\/tr>\n<\/tbody>\n<\/table>\n<\/div>\n<h3><strong>\u00bfQue es JW Multimedia?<br \/>\n<\/strong><\/h3>\n<p><span style=\"line-height: 1.5;\">Es un programa especialmente dise\u00f1ado para utilizar el PC y las pantallas en los salones del Reino.<\/span><\/p>\n<p><span style=\"line-height: 1.5;\">Las primeras versiones se le conoc\u00eda como tjMonitorSalon y desde la versi\u00f3n 1.3 se le llama JW Multimedia, un nombre m\u00e1s acorde a las prestaciones del programa.<\/span><\/p>\n<p>El programa ha crecido y se ha\u00a0independizado de tjutil. Ahora lo puedes encontrar en\u00a0<a href=\"http:\/\/jwmultimedia.org\/inicio\/\" target=\"_blank\">http:\/\/jwmultimedia.org\/<\/a>.<\/p>\n<p>Por si sirve de ayuda, dejamos el enlace a los v\u00eddeo tutoriales\u00a0de la antigua versi\u00f3n 1.2 por si te sirven de ayuda.<br \/>\n<iframe loading=\"lazy\" src=\"https:\/\/www.youtube.com\/embed\/videoseries?list=PL_jRdb70_5_Ive1wYJ5l0eh00sOBhOmP0\" width=\"560\" height=\"315\" frameborder=\"0\" allowfullscreen=\"allowfullscreen\"><\/iframe><\/p>\n<h3><\/h3>\n","protected":false},"excerpt":{"rendered":"<p>&nbsp; \u00bfQue es JW Multimedia? Es un programa especialmente dise\u00f1ado para utilizar el PC y las pantallas en los salones del Reino. Las primeras versiones se le conoc\u00eda como tjMonitorSalon y desde la versi\u00f3n 1.3 se le llama JW Multimedia, un nombre m\u00e1s acorde a las prestaciones del programa. El programa ha crecido y se &hellip; <a href=\"https:\/\/blog.tjutil.com\/index.php\/tjmonitorsalon\/\" class=\"more-link\">Seguir leyendo <span class=\"screen-reader-text\">JW Multimedia<\/span> <span class=\"meta-nav\">&rarr;<\/span><\/a><\/p>\n","protected":false},"author":1,"featured_media":0,"parent":0,"menu_order":0,"comment_status":"open","ping_status":"closed","template":"","meta":{"footnotes":""},"class_list":["post-6195","page","type-page","status-publish","hentry"],"_links":{"self":[{"href":"https:\/\/blog.tjutil.com\/index.php\/wp-json\/wp\/v2\/pages\/6195","targetHints":{"allow":["GET"]}}],"collection":[{"href":"https:\/\/blog.tjutil.com\/index.php\/wp-json\/wp\/v2\/pages"}],"about":[{"href":"https:\/\/blog.tjutil.com\/index.php\/wp-json\/wp\/v2\/types\/page"}],"author":[{"embeddable":true,"href":"https:\/\/blog.tjutil.com\/index.php\/wp-json\/wp\/v2\/users\/1"}],"replies":[{"embeddable":true,"href":"https:\/\/blog.tjutil.com\/index.php\/wp-json\/wp\/v2\/comments?post=6195"}],"version-history":[{"count":0,"href":"https:\/\/blog.tjutil.com\/index.php\/wp-json\/wp\/v2\/pages\/6195\/revisions"}],"wp:attachment":[{"href":"https:\/\/blog.tjutil.com\/index.php\/wp-json\/wp\/v2\/media?parent=6195"}],"curies":[{"name":"wp","href":"https:\/\/api.w.org\/{rel}","templated":true}]}}