
{"id":6202,"date":"2016-01-21T18:51:22","date_gmt":"2016-01-21T17:51:22","guid":{"rendered":"http:\/\/blog.tjutil.com\/?page_id=6202"},"modified":"2016-01-22T19:10:22","modified_gmt":"2016-01-22T18:10:22","slug":"tjutilpack-3","status":"publish","type":"page","link":"https:\/\/blog.tjutil.com\/index.php\/tjutilpack-3\/","title":{"rendered":"tjUtilPack 3"},"content":{"rendered":"<h3><img decoding=\"async\" src=\"http:\/\/www.tjutil.com\/Descargas\/logo100px.png\" alt=\"\" \/><\/h3>\n<h3>\u00bfQu\u00e9 es tjutilpack?<\/h3>\n<p>Es una aplicaci\u00f3n gratuita para PC con Windows dise\u00f1ada especialmente para Testigos de Jehov\u00e1. Es una herramienta que te ayuda con el estudio de la biblia y otras facetas de nuestro servicio.<\/p>\n<h3>\u00bfQu\u00e9 requisitos tiene?<\/h3>\n<p>Funciona en PC con Windows XP o superior incluido Windows 8.<\/p>\n<p>No hay versi\u00f3n para MAC, Linux o Android.<\/p>\n<p>Requiere tener instalado MS Net Framework 4.0 que puedes descargar gratuitamente del sitio de Microsoft. Es probable que lo tengas instalado actualmente.<\/p>\n<h3>\u00bfEste programa es gratuito?<\/h3>\n<p>S\u00ed, todos nuestros programas son totalmente gratuitos y siempre lo ser\u00e1n. Es una iniciativa personal, no comercial, de un grupo de hermanos que aportamos nuestros conocimientos y tiempo en los diferentes aspectos de este proyecto.<\/p>\n<h3>\u00bfD\u00f3nde puedo descargarlo?<\/h3>\n<p>tjtuil.com es el sitio oficial y el \u00fanico que tienes garantizada la descarga de la \u00faltima versi\u00f3n oficial del tjutilpack.<\/p>\n<p>&lt;p\u00bb&gt;Puedes descargarlo <a href=\"https:\/\/mega.co.nz\/#!nUtgRThR!hgFhbOyLq132TORvWkAibQ51--1dJ423oU5G0kUHNs0\" target=\"_blank\">pulsando aqui. <img decoding=\"async\" src=\"http:\/\/www.tjutil.com\/Descargas\/descargar.jpg\" alt=\"\" \/><\/a><\/p>\n<p>Ese enlace te lleva a una pagina externa a tjUtil para la descarga.<\/p>\n<h3>\u00bfQue contiene el pack?<\/h3>\n<p>En rasgos generales cuenta con la siguiente funcionalidad:<\/p>\n<ul>\n<li>Procesador de Textos compatible con MS Word.<\/li>\n<li>Hoja de c\u00e1lculo compatible con MS Excel.<\/li>\n<li>Biblia paralela para comparar entre distintas versiones de la Biblia.<\/li>\n<li>Descarga y organizaci\u00f3n de las publicaciones de la p\u00e1gina jw.org.<\/li>\n<li>Extraer los textos b\u00edblicos del art\u00edculo de estudio de La Atalaya.<\/li>\n<li>Llevar el control del informe de predicaci\u00f3n.<\/li>\n<li>Seguir la Lectura semanal de la biblia y buscar los puntos sobresalientes.<\/li>\n<li>Recopilaci\u00f3n de Ilustraciones y Citas Celebres.<\/li>\n<li>Buscar textos b\u00edblicos en el folleto \u00abExaminando las Escrituras Diariamente\u00bb de los \u00faltimos a\u00f1os.<\/li>\n<li>Imprimir las tarjetas de solapa de la asamblea.<\/li>\n<li>Sincronizaci\u00f3n de la biblioteca en l\u00ednea en 2 idiomas. Muy \u00fatil para los que est\u00e1s en grupos o congregaciones de otro idioma.<\/li>\n<\/ul>\n<h3>\u00bfQu\u00e9 novedades trae la versi\u00f3n 3?<\/h3>\n<p>Si est\u00e1s acostumbrado a las versiones anteriores notaras que ha sufrido un cambio total. Destacan los siguientes aspectos:<\/p>\n<ul>\n<li>Ya no son aplicaciones independientes sino una \u00fanica aplicaci\u00f3n con toda la funcionalidad.<\/li>\n<li>La navegaci\u00f3n entre las distintas opciones se hace por pesta\u00f1as, como los navegadores actuales.<\/li>\n<li>La integraci\u00f3n entre sus m\u00f3dulos es mayor.<\/li>\n<li>Posibilidad de configurar la apariencia e imagen de fondo.<\/li>\n<li>Aprovecha la biblioteca en l\u00ednea de jw.org.<\/li>\n<li>Mayor funcionalidad sin salir del programa.<\/li>\n<li>Ciertas opciones tambi\u00e9n disponibles en l\u00ednea en tjutil.com<\/li>\n<\/ul>\n<h3>\u00bfD\u00f3nde puedo resolver las dudas?<\/h3>\n<p>Principalmente tienes 2\u00a0 sitios para resolver las dudas:<\/p>\n<ol>\n<li>En el blog hay varias dudas contestadas. <a href=\"https:\/\/blog.tjutil.com\/\">https:\/\/blog.tjutil.com<\/a><\/li>\n<li>Canal youtube de tjutil.com donde subimos videos propios o de colaboradores explicando trucos y funcionalidades.<a href=\"http:\/\/www.youtube.com\/user\/tjutil\">http:\/\/www.youtube.com\/user\/tjutil<\/a><\/li>\n<\/ol>\n<p>Si uno o varios colaboradores se animan, en un futuro podr\u00eda estar disponible un manual de usuario y una secci\u00f3n de preguntas frecuentes.<\/p>\n<p>&nbsp;<\/p>\n<h3>\u00bfTengo acceso a la versi\u00f3n 2 del tjutilpack?<\/h3>\n<p>Aunque ya no se da soporte de esta versi\u00f3n puedes acceder a la antigua p\u00e1gina de descarga y al manual online desde <a href=\"http:\/\/www.tjutil.com\/tjutilpack.aspx\">aqu\u00ed<\/a><\/p>\n<p>&nbsp;<\/p>\n","protected":false},"excerpt":{"rendered":"<p>\u00bfQu\u00e9 es tjutilpack? Es una aplicaci\u00f3n gratuita para PC con Windows dise\u00f1ada especialmente para Testigos de Jehov\u00e1. Es una herramienta que te ayuda con el estudio de la biblia y otras facetas de nuestro servicio. \u00bfQu\u00e9 requisitos tiene? Funciona en PC con Windows XP o superior incluido Windows 8. No hay versi\u00f3n para MAC, Linux &hellip; <a href=\"https:\/\/blog.tjutil.com\/index.php\/tjutilpack-3\/\" class=\"more-link\">Seguir leyendo <span class=\"screen-reader-text\">tjUtilPack 3<\/span> <span class=\"meta-nav\">&rarr;<\/span><\/a><\/p>\n","protected":false},"author":1,"featured_media":0,"parent":0,"menu_order":0,"comment_status":"open","ping_status":"closed","template":"","meta":{"footnotes":""},"class_list":["post-6202","page","type-page","status-publish","hentry"],"_links":{"self":[{"href":"https:\/\/blog.tjutil.com\/index.php\/wp-json\/wp\/v2\/pages\/6202","targetHints":{"allow":["GET"]}}],"collection":[{"href":"https:\/\/blog.tjutil.com\/index.php\/wp-json\/wp\/v2\/pages"}],"about":[{"href":"https:\/\/blog.tjutil.com\/index.php\/wp-json\/wp\/v2\/types\/page"}],"author":[{"embeddable":true,"href":"https:\/\/blog.tjutil.com\/index.php\/wp-json\/wp\/v2\/users\/1"}],"replies":[{"embeddable":true,"href":"https:\/\/blog.tjutil.com\/index.php\/wp-json\/wp\/v2\/comments?post=6202"}],"version-history":[{"count":0,"href":"https:\/\/blog.tjutil.com\/index.php\/wp-json\/wp\/v2\/pages\/6202\/revisions"}],"wp:attachment":[{"href":"https:\/\/blog.tjutil.com\/index.php\/wp-json\/wp\/v2\/media?parent=6202"}],"curies":[{"name":"wp","href":"https:\/\/api.w.org\/{rel}","templated":true}]}}