
{"id":6205,"date":"2016-01-21T18:55:39","date_gmt":"2016-01-21T17:55:39","guid":{"rendered":"http:\/\/blog.tjutil.com\/?page_id=6205"},"modified":"2016-01-22T19:10:07","modified_gmt":"2016-01-22T18:10:07","slug":"tjcronosalon","status":"publish","type":"page","link":"https:\/\/blog.tjutil.com\/index.php\/tjcronosalon\/","title":{"rendered":"tjCronoSalon"},"content":{"rendered":"<header>\n<figure><img decoding=\"async\" src=\"http:\/\/www.tjutil.com\/Descargas\/logo_tjCronoSalon.png\" alt=\"\" \/><\/figure>\n<\/header>\n<article class=\"box\">\n<h3>\u00bfQue es tjCronoSalon?<\/h3>\n<p>tjCronoSalon en un cronometro especialmente dise\u00f1ado para las reuniones y asambleas. Permite llevar el control de los tiempos de cada parte de la reuni\u00f3n y mostrando al discursaste el tiempo que le queda y la hora que es.<\/p>\n<h3>\u00bfQue requisitos tiene?<\/h3>\n<p>tjCronoSalon requiere un PC con Windows (XP,Vista, 7, 8 o superior) y Net Framework 3.5 que lo puedes bajar gratuitamente de la pagina oficial de Microsoft si no lo tienes ya instalado.<\/p>\n<p>Es recomendable que el PC tenga un segundo monitor visible desde la plataforma donde se muestra el tiempo de la asignaci\u00f3n.<\/p>\n<p>No hay versi\u00f3n para Mac, Linux o Android<\/p>\n<h3>\u00bfEste programa es gratuito?<\/h3>\n<p>S\u00ed, todos nuestros programas son totalmente gratuitos y siempre lo ser\u00e1n. Es una iniciativa personal, no comercial, de un grupo de hermanos que aportamos nuestros conocimientos y tiempo en los diferentes aspectos de este proyecto.<\/p>\n<h3>\u00bfQue caracter\u00edsticas tiene?<\/h3>\n<div class=\"imagen\">\n<figure><img decoding=\"async\" src=\"http:\/\/www.tjutil.com\/Descargas\/tjCronoSalon.jpg\" alt=\"\" width=\"90%\" \/><figcaption>Captura de pantalla con las 2 pantallas<\/figcaption><\/figure>\n<\/div>\n<p>En la captura de pantalla puedes ver las 2 pantallas con sus caracter\u00edsticas. Una es el panel de control y la otra el visor del discursaste.<\/p>\n<p>En el panel de control puedes crear una lista de las asignaciones y el tiempo asignado a cada una. Permite mostrar en el visor del discursaste mensajes de texto, el tiempo asignado al discurso o la hora actual.<\/p>\n<p>En la configuraci\u00f3n del tjCronoSalon, puedes decidir los colores que quieres utilizar en el visor del discursaste. Puedes seleccionar, el color de fondo y de la letra del cronometro y de la zona de mensajes, cuando se est\u00e1 dentro del tiempo, cuando falta poco para terminar y cuando se ha pasado del tiempo asignado. Tambi\u00e9n puedes indicar si quieres la cuenta hacia delante (cuenta progresiva que muestra el tiempo que llevas) o cuenta hacia atr\u00e1s (cuenta regresiva que muestra el tiempo el tiempo que te queda)<\/p>\n<p>Ademas es multiidioma. Viene por defecto con los idiomas que m\u00e1s usan los hermanos y es f\u00e1cilmente traducible a otros idiomas.<\/p>\n<h3>\u00bfComo lo descargo?<\/h3>\n<p>Puedes descargarlo <a href=\"https:\/\/mega.co.nz\/#!DNkV2ToD!F6DikD8TUAS8wpbNcswL_mvL3FIw34oJue0w0wZKlqs\" target=\"_blank\">pulsando aqu\u00ed.<\/a><\/p>\n<p>Ese enlace te lleva a una pagina externa a tjUtil para la descarga.<\/p>\n<h3>\u00bfY si tengo dudas de manejo o sugerencias?<\/h3>\n<p>La aplicaci\u00f3n es muy sencilla e intuitiva. No obstante, tienes a tu disposici\u00f3n\u00a0nuestro correo electr\u00f3nico\u00a0\u00a0para\u00a0plantear tus dudas o sugerencias.<\/p>\n<p>Actualmente no se dispone de un manual de usuario o gu\u00eda r\u00e1pida. Si lo deseas puedes preparar uno y compartirlo con los dem\u00e1s.<\/p>\n<\/article>\n","protected":false},"excerpt":{"rendered":"<p>\u00bfQue es tjCronoSalon? tjCronoSalon en un cronometro especialmente dise\u00f1ado para las reuniones y asambleas. Permite llevar el control de los tiempos de cada parte de la reuni\u00f3n y mostrando al discursaste el tiempo que le queda y la hora que es. \u00bfQue requisitos tiene? tjCronoSalon requiere un PC con Windows (XP,Vista, 7, 8 o superior) &hellip; <a href=\"https:\/\/blog.tjutil.com\/index.php\/tjcronosalon\/\" class=\"more-link\">Seguir leyendo <span class=\"screen-reader-text\">tjCronoSalon<\/span> <span class=\"meta-nav\">&rarr;<\/span><\/a><\/p>\n","protected":false},"author":1,"featured_media":0,"parent":0,"menu_order":0,"comment_status":"open","ping_status":"closed","template":"","meta":{"footnotes":""},"class_list":["post-6205","page","type-page","status-publish","hentry"],"_links":{"self":[{"href":"https:\/\/blog.tjutil.com\/index.php\/wp-json\/wp\/v2\/pages\/6205","targetHints":{"allow":["GET"]}}],"collection":[{"href":"https:\/\/blog.tjutil.com\/index.php\/wp-json\/wp\/v2\/pages"}],"about":[{"href":"https:\/\/blog.tjutil.com\/index.php\/wp-json\/wp\/v2\/types\/page"}],"author":[{"embeddable":true,"href":"https:\/\/blog.tjutil.com\/index.php\/wp-json\/wp\/v2\/users\/1"}],"replies":[{"embeddable":true,"href":"https:\/\/blog.tjutil.com\/index.php\/wp-json\/wp\/v2\/comments?post=6205"}],"version-history":[{"count":0,"href":"https:\/\/blog.tjutil.com\/index.php\/wp-json\/wp\/v2\/pages\/6205\/revisions"}],"wp:attachment":[{"href":"https:\/\/blog.tjutil.com\/index.php\/wp-json\/wp\/v2\/media?parent=6205"}],"curies":[{"name":"wp","href":"https:\/\/api.w.org\/{rel}","templated":true}]}}